{"id":9,"date":"2022-04-27T23:24:21","date_gmt":"2022-04-27T23:24:21","guid":{"rendered":"http:\/\/mryoccleaner.com\/?page_id=9"},"modified":"2022-05-02T16:16:45","modified_gmt":"2022-05-02T16:16:45","slug":"sobre-nosotros","status":"publish","type":"page","link":"https:\/\/mryoccleaner.com\/en\/sobre-nosotros\/","title":{"rendered":"About Us"},"content":{"rendered":"<p>[et_pb_section fb_built=\u00bb1&#8243; custom_padding_last_edited=\u00bbon|phone\u00bb prev_background_color=\u00bb#F2F2F2&#8243; next_background_color=\u00bb#ffffff\u00bb admin_label=\u00bbHero Section\u00bb _builder_version=\u00bb4.15.0&#8243; use_background_color_gradient=\u00bbon\u00bb background_color_gradient_start=\u00bbrgba(26,26,26,0.87)\u00bb background_color_gradient_end=\u00bbrgba(26,26,26,0.69)\u00bb background_color_gradient_type=\u00bbradial\u00bb background_color_gradient_direction_radial=\u00bbtop left\u00bb background_color_gradient_start_position=\u00bb10%\u00bb background_color_gradient_overlays_image=\u00bbon\u00bb background_image=\u00bbhttp:\/\/mryoccleaner.com\/wp-content\/uploads\/2022\/05\/pexels-tima-miroshnichenko-6195895.jpg\u00bb module_alignment=\u00bbright\u00bb custom_margin=\u00bb0px|0px|0px|0px|true|true\u00bb custom_margin_tablet=\u00bb0px|0px|0px|0px|true|true\u00bb custom_margin_phone=\u00bb\u00bb custom_margin_last_edited=\u00bbon|tablet\u00bb custom_padding=\u00bb10vw|0|10vw|0|false|false\u00bb custom_padding_tablet=\u00bb|||0px\u00bb custom_padding_phone=\u00bb120px||120px|\u00bb top_divider_style=\u00bbasymmetric4&#8243; top_divider_repeat=\u00bb0.5x\u00bb top_divider_flip=\u00bbvertical\u00bb bottom_divider_style=\u00bbasymmetric4&#8243; bottom_divider_repeat=\u00bb0.5x\u00bb bottom_divider_flip=\u00bbhorizontal\u00bb animation_style=\u00bbslide\u00bb animation_direction=\u00bbtop\u00bb animation_intensity_slide=\u00bb2%\u00bb global_colors_info=\u00bb{}\u00bb][et_pb_row admin_label=\u00bbHero Area\u00bb _builder_version=\u00bb4.15&#8243; background_size=\u00bbinitial\u00bb background_position=\u00bbtop_left\u00bb background_repeat=\u00bbrepeat\u00bb custom_margin=\u00bb|||\u00bb global_colors_info=\u00bb{}\u00bb][et_pb_column type=\u00bb4_4&#8243; _builder_version=\u00bb4.15&#8243; custom_padding=\u00bb|||\u00bb global_colors_info=\u00bb{}\u00bb custom_padding__hover=\u00bb|||\u00bb][et_pb_text admin_label=\u00bbTitle\u00bb _builder_version=\u00bb4.15.0&#8243; text_font=\u00bb||||||||\u00bb quote_font=\u00bb||||||||\u00bb header_font=\u00bbLemon Milk Bold||||||||\u00bb header_font_size=\u00bb80px\u00bb header_line_height=\u00bb1.4em\u00bb header_2_font=\u00bb||||||||\u00bb background_layout=\u00bbdark\u00bb custom_margin=\u00bb|||-40px\u00bb custom_margin_tablet=\u00bb\u00bb custom_margin_phone=\u00bb|||0px\u00bb custom_margin_last_edited=\u00bbon|phone\u00bb custom_padding=\u00bb|||30px\u00bb animation_style=\u00bbslide\u00bb animation_direction=\u00bbtop\u00bb animation_intensity_slide=\u00bb5%\u00bb animation_starting_opacity=\u00bb100%\u00bb header_font_size_tablet=\u00bb40px\u00bb header_font_size_phone=\u00bb\u00bb header_font_size_last_edited=\u00bbon|tablet\u00bb border_color_all=\u00bb#ff5400&#8243; border_width_left=\u00bb10px\u00bb border_color_left=\u00bb#74E7EC\u00bb global_colors_info=\u00bb{}\u00bb]<\/p>\n<h1>About Us<\/h1>\n<p>[\/et_pb_text][\/et_pb_column][\/et_pb_row][\/et_pb_section][et_pb_section fb_built=\u00bb1&#8243; admin_label=\u00bbWhy Choose Us Section\u00bb _builder_version=\u00bb4.15&#8243; background_size=\u00bbinitial\u00bb module_alignment=\u00bbright\u00bb custom_margin=\u00bb||||false\u00bb custom_padding=\u00bb24px||24px||true|\u00bb locked=\u00bboff\u00bb global_colors_info=\u00bb{}\u00bb][et_pb_row admin_label=\u00bbTeam Area\u00bb _builder_version=\u00bb4.15&#8243; global_colors_info=\u00bb{}\u00bb][et_pb_column type=\u00bb4_4&#8243; _builder_version=\u00bb4.15&#8243; custom_padding=\u00bb|||\u00bb global_colors_info=\u00bb{}\u00bb custom_padding__hover=\u00bb|||\u00bb][et_pb_text admin_label=\u00bbTitle\u00bb _builder_version=\u00bb4.15.0&#8243; text_font=\u00bb||||||||\u00bb header_font=\u00bb||||||||\u00bb header_2_font=\u00bbLemon Milk Bold||||||||\u00bb header_2_font_size=\u00bb48px\u00bb header_2_line_height=\u00bb1.4em\u00bb custom_margin=\u00bb|||-40px\u00bb custom_margin_tablet=\u00bb\u00bb custom_margin_phone=\u00bb|||0px\u00bb custom_margin_last_edited=\u00bbon|phone\u00bb custom_padding=\u00bb|||30px\u00bb animation_style=\u00bbfold\u00bb animation_direction=\u00bbleft\u00bb animation_intensity_fold=\u00bb5%\u00bb animation_starting_opacity=\u00bb100%\u00bb hover_enabled=\u00bb0&#8243; header_2_font_size_tablet=\u00bb30px\u00bb header_2_font_size_phone=\u00bb22px\u00bb header_2_font_size_last_edited=\u00bbon|phone\u00bb border_color_all=\u00bb#ff5400&#8243; border_width_left=\u00bb10px\u00bb border_color_left=\u00bb#74E7EC\u00bb locked=\u00bboff\u00bb global_colors_info=\u00bb{}\u00bb sticky_enabled=\u00bb0&#8243;]<\/p>\n<h2>We make your restaurant shine with cleanliness<\/h2>\n<p>[\/et_pb_text][et_pb_text admin_label=\u00bbSubtitle\u00bb _builder_version=\u00bb4.15.0&#8243; text_font=\u00bbUrbanist Regular||||||||\u00bb text_font_size=\u00bb18px\u00bb text_line_height=\u00bb1.8em\u00bb link_font=\u00bb||||||||\u00bb ul_font=\u00bb||||||||\u00bb ol_font=\u00bb||||||||\u00bb quote_font=\u00bb||||||||\u00bb header_font=\u00bb||||||||\u00bb header_2_font=\u00bb||||||||\u00bb header_3_font=\u00bb||||||||\u00bb header_4_font=\u00bb||||||||\u00bb header_5_font=\u00bb||||||||\u00bb header_6_font=\u00bb||||||||\u00bb max_width_tablet=\u00bb\u00bb max_width_phone=\u00bb\u00bb max_width_last_edited=\u00bbon|desktop\u00bb custom_padding=\u00bb|||\u00bb animation_style=\u00bbfold\u00bb animation_direction=\u00bbleft\u00bb animation_intensity_fold=\u00bb5%\u00bb animation_starting_opacity=\u00bb100%\u00bb locked=\u00bboff\u00bb global_colors_info=\u00bb{}\u00bb]<\/p>\n<p><span>We are a company of\u00a0<\/span><strong>cleaning<\/strong><span>\u00a0located at\u00a0<\/span><strong>Orlando, Florida<\/strong><span>, we have a team of\u00a0<\/span><strong>latino and immigrant experts<\/strong><span> in the area that will ensure <\/span><strong>cleanliness down to the smallest detail<\/strong><span>\u00a0of your shop, restaurant, business, hotel or\u00a0<\/span><strong>any type of property. <\/strong>Our vision is focused on being leaders in the sector of general cleaning of restaurants, hotels, kitchens and businesses, making your spaces shine with cleanliness.<\/p>\n<p>In our team we strive to fulfill our dreams and those of each team member, <strong>working hard to achieve the objectives<\/strong> and to provide a first class service to<strong> our customers.<\/strong><\/p>\n<p>We offer specialized services of <strong>cleaning of stove hoods,\u00a0<\/strong><strong>windows, carpets, floors and much more.<\/strong><strong><\/strong><\/p>\n<p>[\/et_pb_text][\/et_pb_column][\/et_pb_row][et_pb_row column_structure=\u00bb1_3,1_3,1_3&#8243; admin_label=\u00bbFeatures\u00bb _builder_version=\u00bb4.15&#8243; custom_margin=\u00bb10px|||\u00bb locked=\u00bboff\u00bb global_colors_info=\u00bb{}\u00bb][et_pb_column type=\u00bb1_3&#8243; _builder_version=\u00bb4.15&#8243; custom_padding=\u00bb|||\u00bb global_colors_info=\u00bb{}\u00bb custom_padding__hover=\u00bb|||\u00bb][et_pb_blurb title=\u00bbSatisfacci\u00f3n y limpieza Garantizada para tus espacios\u00bb use_icon=\u00bbon\u00bb font_icon=\u00bb&#xe0dd;||divi||400&#8243; icon_color=\u00bb#74E7EC\u00bb image_icon_background_color=\u00bbRGBA(255,255,255,0)\u00bb image_icon_width=\u00bb32px\u00bb _builder_version=\u00bb4.15.0&#8243; header_font=\u00bbLemon Milk Bold||||||||\u00bb header_line_height=\u00bb1.8em\u00bb body_font=\u00bb||||||||\u00bb body_font_size=\u00bb16px\u00bb body_line_height=\u00bb1.8em\u00bb text_orientation=\u00bbcenter\u00bb icon_font_size=\u00bb32px\u00bb global_colors_info=\u00bb{}\u00bb][\/et_pb_blurb][\/et_pb_column][et_pb_column type=\u00bb1_3&#8243; _builder_version=\u00bb4.15&#8243; custom_padding=\u00bb|||\u00bb global_colors_info=\u00bb{}\u00bb custom_padding__hover=\u00bb|||\u00bb][et_pb_blurb title=\u00bbUn equipo profesional y experto, preparado para limpiar tus propiedades\u00bb use_icon=\u00bbon\u00bb font_icon=\u00bb&#xe05e;||fa||900&#8243; icon_color=\u00bb#74E7EC\u00bb image_icon_background_color=\u00bbRGBA(255,255,255,0)\u00bb image_icon_width=\u00bb32px\u00bb _builder_version=\u00bb4.15.0&#8243; header_font=\u00bbLemon Milk Bold||||||||\u00bb header_line_height=\u00bb1.8em\u00bb body_font=\u00bb||||||||\u00bb body_font_size=\u00bb16px\u00bb body_line_height=\u00bb1.8em\u00bb text_orientation=\u00bbcenter\u00bb icon_font_size=\u00bb32px\u00bb locked=\u00bboff\u00bb global_colors_info=\u00bb{}\u00bb][\/et_pb_blurb][\/et_pb_column][et_pb_column type=\u00bb1_3&#8243; _builder_version=\u00bb4.15&#8243; custom_padding=\u00bb|||\u00bb global_colors_info=\u00bb{}\u00bb custom_padding__hover=\u00bb|||\u00bb][et_pb_blurb title=\u00bbM\u00e1s de 10 a\u00f1os comprometidos con tu limpieza\u00bb use_icon=\u00bbon\u00bb font_icon=\u00bb&#xf0a3;||fa||900&#8243; icon_color=\u00bb#74E7EC\u00bb image_icon_background_color=\u00bbRGBA(255,255,255,0)\u00bb image_icon_width=\u00bb32px\u00bb _builder_version=\u00bb4.15.0&#8243; header_font=\u00bbLemon Milk Bold||||||||\u00bb header_line_height=\u00bb1.8em\u00bb body_font=\u00bb||||||||\u00bb body_font_size=\u00bb16px\u00bb body_line_height=\u00bb1.8em\u00bb text_orientation=\u00bbcenter\u00bb icon_font_size=\u00bb32px\u00bb locked=\u00bboff\u00bb global_colors_info=\u00bb{}\u00bb][\/et_pb_blurb][\/et_pb_column][\/et_pb_row][\/et_pb_section][et_pb_section fb_built=\u00bb1&#8243; custom_padding_last_edited=\u00bboff|desktop\u00bb admin_label=\u00bbVideo Section\u00bb _builder_version=\u00bb4.15.0&#8243; background_color_gradient_direction=\u00bb0deg\u00bb module_alignment=\u00bbright\u00bb custom_margin=\u00bb|||\u00bb custom_margin_tablet=\u00bb0px|0px|0px|0px|true|true\u00bb custom_margin_last_edited=\u00bboff|desktop\u00bb custom_padding=\u00bb0|0px|0px|0px|false|false\u00bb custom_padding_tablet=\u00bb|||0px\u00bb bottom_divider_style=\u00bbasymmetric3&#8243; bottom_divider_color=\u00bb#1A1A1A\u00bb bottom_divider_height=\u00bb80%\u00bb bottom_divider_repeat=\u00bb0.4x\u00bb animation_direction=\u00bbbottom\u00bb global_colors_info=\u00bb{}\u00bb][et_pb_row custom_padding_last_edited=\u00bbon|phone\u00bb admin_label=\u00bbVideo Area\u00bb _builder_version=\u00bb4.15&#8243; background_color=\u00bb#ffffff\u00bb max_width=\u00bb1440px\u00bb module_alignment=\u00bbcenter\u00bb custom_margin=\u00bb|||\u00bb custom_padding=\u00bb40px|40px|40px|40px|true|true\u00bb custom_padding_tablet=\u00bb\u00bb custom_padding_phone=\u00bb30px|30px|30px|30px|true|true\u00bb box_shadow_style=\u00bbpreset3&#8243; box_shadow_vertical=\u00bb80px\u00bb box_shadow_blur=\u00bb200px\u00bb box_shadow_spread=\u00bb-40px\u00bb use_custom_width=\u00bbon\u00bb custom_width_px=\u00bb1440px\u00bb global_colors_info=\u00bb{}\u00bb][et_pb_column type=\u00bb4_4&#8243; _builder_version=\u00bb4.15&#8243; custom_padding=\u00bb|||\u00bb global_colors_info=\u00bb{}\u00bb custom_padding__hover=\u00bb|||\u00bb][et_pb_video src=\u00bbhttp:\/\/mryoccleaner.com\/wp-content\/uploads\/2022\/05\/pexels-tima-miroshnichenko-6195516.mp4&#8243; _builder_version=\u00bb4.15.0&#8243; animation_style=\u00bbfade\u00bb global_colors_info=\u00bb{}\u00bb][\/et_pb_video][\/et_pb_column][\/et_pb_row][\/et_pb_section]<\/p>","protected":false},"excerpt":{"rendered":"<p>Sobre NosotrosHacemos que su restaurante Brille de LimpiezaSomos una empresa de\u00a0limpieza\u00a0ubicada en\u00a0Orlando, Florida, contamos con un equipo de\u00a0latinos e inmigrantes expertos en el \u00e1rea que garantizar\u00e1n limpieza hasta en el m\u00e1s minimo detalles\u00a0de tu local, restaurant, negocio, hotel o\u00a0cualquier tipo de propiedad. Nuestra visi\u00f3n est\u00e1 centrada en ser Lideres en el sector de la limpieza [&hellip;]<\/p>","protected":false},"author":1,"featured_media":0,"parent":0,"menu_order":0,"comment_status":"closed","ping_status":"closed","template":"","meta":{"_et_pb_use_builder":"on","_et_pb_old_content":"","_et_gb_content_width":""},"_links":{"self":[{"href":"https:\/\/mryoccleaner.com\/en\/wp-json\/wp\/v2\/pages\/9"}],"collection":[{"href":"https:\/\/mryoccleaner.com\/en\/wp-json\/wp\/v2\/pages"}],"about":[{"href":"https:\/\/mryoccleaner.com\/en\/wp-json\/wp\/v2\/types\/page"}],"author":[{"embeddable":true,"href":"https:\/\/mryoccleaner.com\/en\/wp-json\/wp\/v2\/users\/1"}],"replies":[{"embeddable":true,"href":"https:\/\/mryoccleaner.com\/en\/wp-json\/wp\/v2\/comments?post=9"}],"version-history":[{"count":21,"href":"https:\/\/mryoccleaner.com\/en\/wp-json\/wp\/v2\/pages\/9\/revisions"}],"predecessor-version":[{"id":339,"href":"https:\/\/mryoccleaner.com\/en\/wp-json\/wp\/v2\/pages\/9\/revisions\/339"}],"wp:attachment":[{"href":"https:\/\/mryoccleaner.com\/en\/wp-json\/wp\/v2\/media?parent=9"}],"curies":[{"name":"wp","href":"https:\/\/api.w.org\/{rel}","templated":true}]}}